{"id":287,"date":"2010-10-10T08:24:20","date_gmt":"2010-10-10T08:24:20","guid":{"rendered":"http:\/\/www.mirjamreineke.de\/?page_id=287"},"modified":"2022-03-13T18:24:09","modified_gmt":"2022-03-13T18:24:09","slug":"impressum","status":"publish","type":"page","link":"http:\/\/www.mirjamreineke.de\/?page_id=287","title":{"rendered":"Impressum"},"content":{"rendered":"<p>Angaben gem\u00e4\u00df \u00a7 5 TGM:<\/p>\n<address style=\"text-align: justify;\">Mirjam Reineke<\/address>\n<address style=\"text-align: justify;\">Stierstra\u00dfe 2<\/address>\n<address style=\"text-align: justify;\">D-12159\u00a0 Berlin<\/address>\n<address style=\"text-align: justify;\">\u00a0<\/address>\n<p style=\"text-align: justify;\">Kontakt:<\/p>\n<address style=\"text-align: justify;\">E-Mail: <a href=\"mailto:mail@mirjamreineke.de\">mirjamreineke.de<\/a><\/address>\n<address style=\"text-align: justify;\">Website: <a href=\"http:\/\/www.mirjamreineke.de\">www.mirjamreineke.de<\/a><\/address>\n<address style=\"text-align: justify;\">\u00a0<\/address>\n<p style=\"text-align: justify;\">Verantwortlich f\u00fcr den Inhalt nach \u00a7 55 Abs. 2 RStV:<\/p>\n<address style=\"text-align: justify;\">\n<address>Mirjam Reineke<\/address>\n<address>Stierstra\u00dfe 2<\/address>\n<address>D-12159\u00a0 Berlin<\/address>\n<p>Quelle: eRecht24.de &#8211; Internetrecht von <a href=\"http:\/\/www.e-recht24.de\">Rechtsanwalt<\/a> S\u00f6ren Siebert<\/p>\n<\/address>\n<address style=\"text-align: justify;\">\u00a0<\/address>\n<p style=\"text-align: justify;\">Fotonachweis:<\/p>\n<address style=\"text-align: justify;\">Knut Stritzke: <a href=\"http:\/\/www.knutstritzke.de\">www.knutstritzke.de<\/a><\/address>\n<address style=\"text-align: justify;\">Engelbert Reineke<\/address>\n<address style=\"text-align: justify;\">J\u00f6rg Lipskoch<\/address>\n<address style=\"text-align: justify;\">Ralf Lang<\/address>\n<address style=\"text-align: justify;\">\u00a0<\/address>\n<address style=\"text-align: justify;\">\u00a0<\/address>\n<h2>Haftungsausschlu\u00df<\/h2>\n<p>Die Inhalte unserer Seiten wurden mit gr\u00f6\u00dfter Sorgfalt erstellt.<br \/>\nF\u00fcr die Richtigkeit, Vollst\u00e4ndigkeit und Aktualit\u00e4t der Inhalte<br \/>\nk\u00f6nnen wir jedoch keine Gew\u00e4hr \u00fcbernehmen. Als Diensteanbieter sind wir gem\u00e4\u00df \u00a7 7 Abs.1 TMG f\u00fcr<br \/>\neigene Inhalte auf diesen Seiten nach den allgemeinen Gesetzen verantwortlich.<br \/>\nNach \u00a7\u00a7 8 bis 10 TMG sind wir als Diensteanbieter jedoch nicht<br \/>\nverpflichtet, \u00fcbermittelte oder gespeicherte fremde Informationen zu<br \/>\n\u00fcberwachen oder nach Umst\u00e4nden zu forschen, die auf eine rechtswidrige<br \/>\nT\u00e4tigkeit hinweisen. Verpflichtungen zur Entfernung oder Sperrung der<br \/>\nNutzung von Informationen nach den allgemeinen Gesetzen bleiben hiervon<br \/>\nunber\u00fchrt. Eine diesbez\u00fcgliche Haftung ist jedoch erst ab dem<br \/>\nZeitpunkt der Kenntnis einer konkreten Rechtsverletzung m\u00f6glich. Bei<br \/>\nBekanntwerden von entsprechenden Rechtsverletzungen werden wir diese Inhalte<br \/>\numgehend entfernen.<\/p>\n<p><strong>Haftung f\u00fcr Links<\/strong><\/p>\n<p>Unser Angebot enth\u00e4lt Links zu externen Webseiten Dritter, auf deren<br \/>\nInhalte wir keinen Einfluss haben. Deshalb k\u00f6nnen wir f\u00fcr diese<br \/>\nfremden Inhalte auch keine Gew\u00e4hr \u00fcbernehmen. F\u00fcr die Inhalte<br \/>\nder verlinkten Seiten ist stets der jeweilige Anbieter oder Betreiber der<br \/>\nSeiten verantwortlich. Die verlinkten Seiten wurden zum Zeitpunkt der Verlinkung<br \/>\nauf m\u00f6gliche Rechtsverst\u00f6\u00dfe \u00fcberpr\u00fcft. Rechtswidrige<br \/>\nInhalte waren zum Zeitpunkt der Verlinkung nicht erkennbar. Eine permanente<br \/>\ninhaltliche Kontrolle der verlinkten Seiten ist jedoch ohne konkrete Anhaltspunkte<br \/>\neiner Rechtsverletzung nicht zumutbar. Bei Bekanntwerden von Rechtsverletzungen<br \/>\nwerden wir derartige Links umgehend entfernen.<\/p>\n<p><strong>Urheberrecht<\/strong><\/p>\n<p>Die durch die Seitenbetreiber erstellten Inhalte und Werke auf diesen Seiten<br \/>\nunterliegen dem deutschen Urheberrecht. Die Vervielf\u00e4ltigung, Bearbeitung, Verbreitung und<br \/>\njede Art der Verwertung au\u00dferhalb der Grenzen des Urheberrechtes bed\u00fcrfen<br \/>\nder schriftlichen Zustimmung des jeweiligen Autors bzw. Erstellers. Downloads<br \/>\nund Kopien dieser Seite sind nur f\u00fcr den privaten, nicht kommerziellen<br \/>\nGebrauch gestattet. Soweit die Inhalte auf dieser Seite nicht vom Betreiber erstellt wurden,<br \/>\nwerden die Urheberrechte Dritter beachtet. Insbesondere werden Inhalte Dritter als solche<br \/>\ngekennzeichnet. Sollten Sie trotzdem auf eine Urheberrechtsverletzung aufmerksam werden, bitten wir um einen entsprechenden Hinweis.<br \/>\nBei Bekanntwerden von Rechtsverletzungen werden wir derartige Inhalte umgehend entfernen.<\/p>\n<p><strong>Datenschutz<\/strong><\/p>\n<p>Die Nutzung unserer Webseite ist in der Regel ohne Angabe personenbezogener Daten m\u00f6glich. Soweit auf unseren Seiten personenbezogene Daten (beispielsweise Name,<br \/>\nAnschrift oder eMail-Adressen) erhoben werden, erfolgt dies, soweit m\u00f6glich, stets auf freiwilliger Basis. Diese Daten werden ohne Ihre ausdr\u00fcckliche Zustimmung nicht an Dritte weitergegeben.<\/p>\n<p>Wir weisen darauf hin, dass die Daten\u00fcbertragung im Internet (z.B.<br \/>\nbei der Kommunikation per E-Mail) Sicherheitsl\u00fccken aufweisen kann.<br \/>\nEin l\u00fcckenloser Schutz der Daten vor dem Zugriff durch Dritte ist nicht<br \/>\nm\u00f6glich.<\/p>\n<p>Der Nutzung von im Rahmen der Impressumspflicht ver\u00f6ffentlichten Kontaktdaten<br \/>\ndurch Dritte zur \u00dcbersendung von nicht ausdr\u00fccklich angeforderter<br \/>\nWerbung und Informationsmaterialien wird hiermit ausdr\u00fccklich widersprochen.<br \/>\nDie Betreiber der Seiten behalten sich ausdr\u00fccklich rechtliche Schritte<br \/>\nim Falle der unverlangten Zusendung von Werbeinformationen, etwa durch Spam-Mails,<br \/>\nvor.<\/p>\n<address>Disclaimer erstellt von\u00a0Quelle: eRecht24.de &#8211; Internetrecht von <a href=\"http:\/\/www.e-recht24.de\">Rechtsanwalt<\/a> S\u00f6ren Siebert<\/address>\n","protected":false},"excerpt":{"rendered":"<p>Angaben gem\u00e4\u00df \u00a7 5 TGM: Mirjam Reineke Stierstra\u00dfe 2 D-12159\u00a0 Berlin \u00a0 Kontakt: E-Mail: mirjamreineke.de Website: www.mirjamreineke.de \u00a0 Verantwortlich f\u00fcr den Inhalt nach \u00a7 55 Abs. 2 RStV: Mirjam Reineke<\/p>\n<p class=\"more-link\"><a href=\"http:\/\/www.mirjamreineke.de\/?page_id=287\" class=\"readmore\">Continue reading<svg class=\"icon icon-arrow-right\" aria-hidden=\"true\" role=\"img\"> <use href=\"#icon-arrow-right\" xlink:href=\"#icon-arrow-right\"><\/use> <\/svg><span class=\"screen-reader-text\">Impressum<\/span><\/a><\/p>\n","protected":false},"author":1,"featured_media":0,"parent":0,"menu_order":11,"comment_status":"open","ping_status":"open","template":"","meta":[],"_links":{"self":[{"href":"http:\/\/www.mirjamreineke.de\/index.php?rest_route=\/wp\/v2\/pages\/287"}],"collection":[{"href":"http:\/\/www.mirjamreineke.de\/index.php?rest_route=\/wp\/v2\/pages"}],"about":[{"href":"http:\/\/www.mirjamreineke.de\/index.php?rest_route=\/wp\/v2\/types\/page"}],"author":[{"embeddable":true,"href":"http:\/\/www.mirjamreineke.de\/index.php?rest_route=\/wp\/v2\/users\/1"}],"replies":[{"embeddable":true,"href":"http:\/\/www.mirjamreineke.de\/index.php?rest_route=%2Fwp%2Fv2%2Fcomments&post=287"}],"version-history":[{"count":12,"href":"http:\/\/www.mirjamreineke.de\/index.php?rest_route=\/wp\/v2\/pages\/287\/revisions"}],"predecessor-version":[{"id":565,"href":"http:\/\/www.mirjamreineke.de\/index.php?rest_route=\/wp\/v2\/pages\/287\/revisions\/565"}],"wp:attachment":[{"href":"http:\/\/www.mirjamreineke.de\/index.php?rest_route=%2Fwp%2Fv2%2Fmedia&parent=287"}],"curies":[{"name":"wp","href":"https:\/\/api.w.org\/{rel}","templated":true}]}}